{"id":10973,"date":"2024-07-18T09:16:26","date_gmt":"2024-07-18T09:16:26","guid":{"rendered":"https:\/\/www.beinglish.ro\/?page_id=10973"},"modified":"2026-03-28T11:37:42","modified_gmt":"2026-03-28T11:37:42","slug":"cursuri-1-la-1","status":"publish","type":"page","link":"http:\/\/www.beinglish.ro\/en\/cursuri-1-la-1\/","title":{"rendered":"Cursuri 1 la 1"},"content":{"rendered":"<div data-elementor-type=\"wp-page\" data-elementor-id=\"10973\" class=\"elementor elementor-10973\">\n\t\t\t\t<div class=\"elementor-element elementor-element-04620c8 e-flex e-con-boxed e-con e-parent\" data-id=\"04620c8\" data-element_type=\"container\">\n\t\t\t\t\t<div class=\"e-con-inner\">\n\t\t<div class=\"elementor-element elementor-element-e0c3926 e-con-full e-flex e-con e-child\" data-id=\"e0c3926\" data-element_type=\"container\">\n\t\t\t\t<div class=\"elementor-element elementor-element-506d39b elementor-widget elementor-widget-tm-heading\" data-id=\"506d39b\" data-element_type=\"widget\" data-widget_type=\"tm-heading.default\">\n\t\t\t\t<div class=\"elementor-widget-container\">\n\t\t\t\t\t<div class=\"tm-modern-heading\">\n\t\t\t\n\t\t\t\t\t<div class=\"heading-primary-wrap\">\n\t\t\t<h2 class=\"heading-primary elementor-heading-title\">Cursuri 1 la 1<\/h2>\t\t<\/div>\n\t\t\n\t\t\t\n\t\t\t\t\t<\/div>\n\t\t\t\t<\/div>\n\t\t\t\t<\/div>\n\t\t\t\t<div class=\"elementor-element elementor-element-799cf67 elementor-widget elementor-widget-text-editor\" data-id=\"799cf67\" data-element_type=\"widget\" data-widget_type=\"text-editor.default\">\n\t\t\t\t<div class=\"elementor-widget-container\">\n\t\t\t\t\t\t\t<h3 data-section-id=\"8mqlk5\" data-start=\"365\" data-end=\"459\"><span role=\"text\"><strong data-start=\"369\" data-end=\"459\">Cursuri 1:1 \u2013 pentru profesioni\u0219ti care vor s\u0103 foloseasc\u0103 engleza, nu doar s\u0103 o \u00eenve\u021be<\/strong><\/span><\/h3><p data-start=\"461\" data-end=\"625\">Lucrez 1:1 cu profesioni\u0219ti \u2013 medici, ingineri, manageri \u0219i antreprenori \u2013 care au nevoie s\u0103 se exprime clar, natural \u0219i profesionist \u00een contexte reale de business.<\/p><p data-start=\"627\" data-end=\"701\">Nu lucr\u0103m pe lec\u021bii generale sau manuale. Lucr\u0103m pe situa\u021biile tale reale:<\/p><p data-start=\"738\" data-end=\"891\">\u2714\ufe0f <strong data-start=\"741\" data-end=\"769\">\u00cen \u0219edin\u021be \u0219i prezent\u0103ri<\/strong><br data-start=\"769\" data-end=\"772\" \/>\u00ce\u021bi organizezi ideile clar \u0219i le exprimi f\u0103r\u0103 blocaje \u2013 chiar \u0219i atunci c\u00e2nd e presiune sau trebuie s\u0103 r\u0103spunzi pe loc.<\/p><hr data-start=\"893\" data-end=\"896\" \/><p data-start=\"898\" data-end=\"1053\">\u2714\ufe0f <strong data-start=\"901\" data-end=\"938\">\u00cen conversa\u021bii profesionale reale<\/strong><br data-start=\"938\" data-end=\"941\" \/>Nu mai traduci \u00een cap. \u00cenve\u021bi s\u0103 vorbe\u0219ti natural, s\u0103 r\u0103spunzi spontan \u0219i s\u0103 sus\u021bii un dialog f\u0103r\u0103 s\u0103 te pierzi.<\/p><hr data-start=\"1055\" data-end=\"1058\" \/><p data-start=\"1060\" data-end=\"1199\">\u2714\ufe0f <strong data-start=\"1063\" data-end=\"1117\">\u00cen comunicarea scris\u0103 (emailuri, mesaje, rapoarte)<\/strong><br data-start=\"1117\" data-end=\"1120\" \/>Scrii mai clar, mai rapid \u0219i mai profesionist \u2013 f\u0103r\u0103 s\u0103 verifici fiecare fraz\u0103.<\/p><hr data-start=\"1201\" data-end=\"1204\" \/><p data-start=\"1206\" data-end=\"1386\">\u2714\ufe0f <strong data-start=\"1209\" data-end=\"1249\">\u00cen contexte specifice domeniului t\u0103u<\/strong><br data-start=\"1249\" data-end=\"1252\" \/>Lucr\u0103m pe limbajul de care ai nevoie cu adev\u0103rat: business, medical, tehnic, marketing, IT sau orice alt domeniu relevant pentru tine.<\/p><hr data-start=\"1388\" data-end=\"1391\" \/><p data-start=\"1393\" data-end=\"1545\">\u2714\ufe0f <strong data-start=\"1396\" data-end=\"1434\">\u00cen situa\u021bii care te blocheaz\u0103 acum<\/strong><br data-start=\"1434\" data-end=\"1437\" \/>Call-uri, prezent\u0103ri, small talk, \u00eentreb\u0103ri nea\u0219teptate \u2013 exact acolo unde apare blocajul, acolo intervenim.<\/p><p data-start=\"627\" data-end=\"701\">\u00a0<\/p>\t\t\t\t\t\t<\/div>\n\t\t\t\t<\/div>\n\t\t\t\t<\/div>\n\t\t<div class=\"elementor-element elementor-element-2476932 e-con-full e-flex e-con e-child\" data-id=\"2476932\" data-element_type=\"container\" data-settings=\"{&quot;background_background&quot;:&quot;classic&quot;}\">\n\t\t\t\t<div class=\"elementor-element elementor-element-8d1d629 elementor-widget elementor-widget-tm-heading\" data-id=\"8d1d629\" data-element_type=\"widget\" data-widget_type=\"tm-heading.default\">\n\t\t\t\t<div class=\"elementor-widget-container\">\n\t\t\t\t\t<div class=\"tm-modern-heading\">\n\t\t\t\n\t\t\t\t\t<div class=\"heading-primary-wrap\">\n\t\t\t<h2 class=\"heading-primary elementor-heading-title\">Pre\u021b<br><span style=\"font-size: 19px; font-weight: 500;\">250 lei \/ \u0219edin\u021b\u0103<\/span><\/h2>\t\t<\/div>\n\t\t\n\t\t\t\n\t\t\t\t\t<\/div>\n\t\t\t\t<\/div>\n\t\t\t\t<\/div>\n\t\t\t\t<div class=\"elementor-element elementor-element-dc4f78e elementor-widget elementor-widget-tm-heading\" data-id=\"dc4f78e\" data-element_type=\"widget\" data-widget_type=\"tm-heading.default\">\n\t\t\t\t<div class=\"elementor-widget-container\">\n\t\t\t\t\t<div class=\"tm-modern-heading\">\n\t\t\t\n\t\t\t\t\t<div class=\"heading-primary-wrap\">\n\t\t\t<h2 class=\"heading-primary elementor-heading-title\">Durata \u0219edin\u021b\u0103<br><span style=\"font-size: 19px; font-weight: 500;\">90 minute<\/h2>\t\t<\/div>\n\t\t\n\t\t\t\n\t\t\t\t\t<\/div>\n\t\t\t\t<\/div>\n\t\t\t\t<\/div>\n\t\t\t\t<div class=\"elementor-element elementor-element-00be18a elementor-align-justify elementor-mobile-align-justify elementor-widget elementor-widget-button\" data-id=\"00be18a\" data-element_type=\"widget\" data-widget_type=\"button.default\">\n\t\t\t\t<div class=\"elementor-widget-container\">\n\t\t\t\t\t\t\t<div class=\"elementor-button-wrapper\">\n\t\t\t\t\t<a class=\"elementor-button elementor-button-link elementor-size-sm\" href=\"https:\/\/www.beinglish.ro\/en\/contact\/\">\n\t\t\t\t\t\t<span class=\"elementor-button-content-wrapper\">\n\t\t\t\t\t\t\t\t\t<span class=\"elementor-button-text\">\u00censcrie-te<\/span>\n\t\t\t\t\t<\/span>\n\t\t\t\t\t<\/a>\n\t\t\t\t<\/div>\n\t\t\t\t\t\t<\/div>\n\t\t\t\t<\/div>\n\t\t\t\t<\/div>\n\t\t\t\t\t<\/div>\n\t\t\t\t<\/div>\n\t\t\t\t<\/div>","protected":false},"excerpt":{"rendered":"<p>Cursuri 1 la 1 Cursuri 1:1 \u2013 pentru profesioni\u0219ti care vor s\u0103 foloseasc\u0103 engleza, nu doar s\u0103 o \u00eenve\u021be Lucrez 1:1 cu profesioni\u0219ti \u2013 medici, ingineri, manageri \u0219i antreprenori \u2013 care au nevoie s\u0103 se exprime clar, natural \u0219i profesionist \u00een contexte reale de business. Nu lucr\u0103m pe lec\u021bii generale sau manuale. Lucr\u0103m pe situa\u021biile tale reale: \u2714\ufe0f \u00cen \u0219edin\u021be \u0219i prezent\u0103ri\u00ce\u021bi organizezi ideile clar \u0219i le exprimi f\u0103r\u0103 blocaje \u2013 chiar \u0219i atunci c\u00e2nd e presiune sau trebuie s\u0103 r\u0103spunzi pe loc. \u2714\ufe0f \u00cen conversa\u021bii profesionale realeNu mai traduci \u00een cap. \u00cenve\u021bi s\u0103 vorbe\u0219ti natural, s\u0103 r\u0103spunzi spontan \u0219i s\u0103 sus\u021bii un dialog f\u0103r\u0103 s\u0103 te pierzi. \u2714\ufe0f \u00cen comunicarea scris\u0103 (emailuri, mesaje, rapoarte)Scrii mai clar, mai rapid \u0219i mai profesionist \u2013 f\u0103r\u0103 s\u0103 verifici fiecare fraz\u0103. \u2714\ufe0f \u00cen contexte specifice domeniului t\u0103uLucr\u0103m pe limbajul de care ai nevoie cu adev\u0103rat: business, medical, tehnic, marketing, IT sau orice alt domeniu relevant pentru tine. \u2714\ufe0f \u00cen situa\u021bii care te blocheaz\u0103 acumCall-uri, prezent\u0103ri, small talk, \u00eentreb\u0103ri nea\u0219teptate \u2013 exact acolo unde apare blocajul, acolo intervenim. Pre\u021b 250 lei \/ \u0219edin\u021b\u0103 Durata \u0219edin\u021b\u0103 90 minute \u00censcrie-te<\/p>","protected":false},"author":1,"featured_media":0,"parent":0,"menu_order":0,"comment_status":"closed","ping_status":"closed","template":"elementor_header_footer","meta":{"footnotes":""},"class_list":["post-10973","page","type-page","status-publish","hentry","post-no-thumbnail"],"yoast_head":"<!-- This site is optimized with the Yoast SEO plugin v23.8 - https:\/\/yoast.com\/wordpress\/plugins\/seo\/ -->\n<title>Cursuri 1 la 1 | Beinglish<\/title>\n<meta name=\"description\" content=\"Dac\u0103 nivelul t\u0103u de confort e unul sensibil mai ridicat atunci c\u00e2nd profesorul ales \u00ee\u021bi acord\u0103 \u00eentreaga sa aten\u021bie, \u00eentr-un mediu \u0219i spa\u021biu sigur \u0219i dac\u0103-\u021bi este mai u\u0219or s\u0103 \u00eenve\u021bi \u00eentr-un context individual, 1 la 1, aceste cursuri sunt cu siguran\u021b\u0103 pentru tine!\" \/>\n<meta name=\"robots\" content=\"index, follow, max-snippet:-1, max-image-preview:large, max-video-preview:-1\" \/>\n<link rel=\"canonical\" href=\"https:\/\/www.beinglish.ro\/en\/cursuri-1-la-1\/\" \/>\n<meta property=\"og:locale\" content=\"en_GB\" \/>\n<meta property=\"og:type\" content=\"article\" \/>\n<meta property=\"og:title\" content=\"Cursuri 1 la 1 | Beinglish\" \/>\n<meta property=\"og:description\" content=\"Dac\u0103 nivelul t\u0103u de confort e unul sensibil mai ridicat atunci c\u00e2nd profesorul ales \u00ee\u021bi acord\u0103 \u00eentreaga sa aten\u021bie, \u00eentr-un mediu \u0219i spa\u021biu sigur \u0219i dac\u0103-\u021bi este mai u\u0219or s\u0103 \u00eenve\u021bi \u00eentr-un context individual, 1 la 1, aceste cursuri sunt cu siguran\u021b\u0103 pentru tine!\" \/>\n<meta property=\"og:url\" content=\"https:\/\/www.beinglish.ro\/en\/cursuri-1-la-1\/\" \/>\n<meta property=\"og:site_name\" content=\"Beinglish\" \/>\n<meta property=\"article:modified_time\" content=\"2026-03-28T11:37:42+00:00\" \/>\n<meta property=\"og:image\" content=\"https:\/\/www.beinglish.ro\/wp-content\/uploads\/2024\/10\/Beinglish-3.jpg\" \/>\n\t<meta property=\"og:image:width\" content=\"1178\" \/>\n\t<meta property=\"og:image:height\" content=\"1178\" \/>\n\t<meta property=\"og:image:type\" content=\"image\/jpeg\" \/>\n<meta name=\"twitter:card\" content=\"summary_large_image\" \/>\n<meta name=\"twitter:label1\" content=\"Estimated reading time\" \/>\n\t<meta name=\"twitter:data1\" content=\"1 minute\" \/>\n<script type=\"application\/ld+json\" class=\"yoast-schema-graph\">{\"@context\":\"https:\/\/schema.org\",\"@graph\":[{\"@type\":\"WebPage\",\"@id\":\"https:\/\/www.beinglish.ro\/cursuri-1-la-1\/\",\"url\":\"https:\/\/www.beinglish.ro\/cursuri-1-la-1\/\",\"name\":\"Cursuri 1 la 1 | Beinglish\",\"isPartOf\":{\"@id\":\"https:\/\/www.beinglish.ro\/#website\"},\"datePublished\":\"2024-07-18T09:16:26+00:00\",\"dateModified\":\"2026-03-28T11:37:42+00:00\",\"description\":\"Dac\u0103 nivelul t\u0103u de confort e unul sensibil mai ridicat atunci c\u00e2nd profesorul ales \u00ee\u021bi acord\u0103 \u00eentreaga sa aten\u021bie, \u00eentr-un mediu \u0219i spa\u021biu sigur \u0219i dac\u0103-\u021bi este mai u\u0219or s\u0103 \u00eenve\u021bi \u00eentr-un context individual, 1 la 1, aceste cursuri sunt cu siguran\u021b\u0103 pentru tine!\",\"breadcrumb\":{\"@id\":\"https:\/\/www.beinglish.ro\/cursuri-1-la-1\/#breadcrumb\"},\"inLanguage\":\"en-GB\",\"potentialAction\":[{\"@type\":\"ReadAction\",\"target\":[\"https:\/\/www.beinglish.ro\/cursuri-1-la-1\/\"]}]},{\"@type\":\"BreadcrumbList\",\"@id\":\"https:\/\/www.beinglish.ro\/cursuri-1-la-1\/#breadcrumb\",\"itemListElement\":[{\"@type\":\"ListItem\",\"position\":1,\"name\":\"Prima pagin\u0103\",\"item\":\"https:\/\/www.beinglish.ro\/\"},{\"@type\":\"ListItem\",\"position\":2,\"name\":\"Cursuri 1 la 1\"}]},{\"@type\":\"WebSite\",\"@id\":\"https:\/\/www.beinglish.ro\/#website\",\"url\":\"https:\/\/www.beinglish.ro\/\",\"name\":\"Beinglish\",\"description\":\"Cursuri de englez\u0103 personalizate\",\"publisher\":{\"@id\":\"https:\/\/www.beinglish.ro\/#organization\"},\"alternateName\":\"Beinglish\",\"potentialAction\":[{\"@type\":\"SearchAction\",\"target\":{\"@type\":\"EntryPoint\",\"urlTemplate\":\"https:\/\/www.beinglish.ro\/?s={search_term_string}\"},\"query-input\":{\"@type\":\"PropertyValueSpecification\",\"valueRequired\":true,\"valueName\":\"search_term_string\"}}],\"inLanguage\":\"en-GB\"},{\"@type\":\"Organization\",\"@id\":\"https:\/\/www.beinglish.ro\/#organization\",\"name\":\"Beinglish\",\"url\":\"https:\/\/www.beinglish.ro\/\",\"logo\":{\"@type\":\"ImageObject\",\"inLanguage\":\"en-GB\",\"@id\":\"https:\/\/www.beinglish.ro\/#\/schema\/logo\/image\/\",\"url\":\"https:\/\/www.beinglish.ro\/wp-content\/uploads\/2024\/06\/beinglish-logo.png\",\"contentUrl\":\"https:\/\/www.beinglish.ro\/wp-content\/uploads\/2024\/06\/beinglish-logo.png\",\"width\":316,\"height\":84,\"caption\":\"Beinglish\"},\"image\":{\"@id\":\"https:\/\/www.beinglish.ro\/#\/schema\/logo\/image\/\"}}]}<\/script>\n<!-- \/ Yoast SEO plugin. -->","yoast_head_json":{"title":"Cursuri 1 la 1 | Beinglish","description":"Dac\u0103 nivelul t\u0103u de confort e unul sensibil mai ridicat atunci c\u00e2nd profesorul ales \u00ee\u021bi acord\u0103 \u00eentreaga sa aten\u021bie, \u00eentr-un mediu \u0219i spa\u021biu sigur \u0219i dac\u0103-\u021bi este mai u\u0219or s\u0103 \u00eenve\u021bi \u00eentr-un context individual, 1 la 1, aceste cursuri sunt cu siguran\u021b\u0103 pentru tine!","robots":{"index":"index","follow":"follow","max-snippet":"max-snippet:-1","max-image-preview":"max-image-preview:large","max-video-preview":"max-video-preview:-1"},"canonical":"https:\/\/www.beinglish.ro\/en\/cursuri-1-la-1\/","og_locale":"en_GB","og_type":"article","og_title":"Cursuri 1 la 1 | Beinglish","og_description":"Dac\u0103 nivelul t\u0103u de confort e unul sensibil mai ridicat atunci c\u00e2nd profesorul ales \u00ee\u021bi acord\u0103 \u00eentreaga sa aten\u021bie, \u00eentr-un mediu \u0219i spa\u021biu sigur \u0219i dac\u0103-\u021bi este mai u\u0219or s\u0103 \u00eenve\u021bi \u00eentr-un context individual, 1 la 1, aceste cursuri sunt cu siguran\u021b\u0103 pentru tine!","og_url":"https:\/\/www.beinglish.ro\/en\/cursuri-1-la-1\/","og_site_name":"Beinglish","article_modified_time":"2026-03-28T11:37:42+00:00","og_image":[{"width":1178,"height":1178,"url":"https:\/\/www.beinglish.ro\/wp-content\/uploads\/2024\/10\/Beinglish-3.jpg","type":"image\/jpeg"}],"twitter_card":"summary_large_image","twitter_misc":{"Estimated reading time":"1 minute"},"schema":{"@context":"https:\/\/schema.org","@graph":[{"@type":"WebPage","@id":"https:\/\/www.beinglish.ro\/cursuri-1-la-1\/","url":"https:\/\/www.beinglish.ro\/cursuri-1-la-1\/","name":"Cursuri 1 la 1 | Beinglish","isPartOf":{"@id":"https:\/\/www.beinglish.ro\/#website"},"datePublished":"2024-07-18T09:16:26+00:00","dateModified":"2026-03-28T11:37:42+00:00","description":"Dac\u0103 nivelul t\u0103u de confort e unul sensibil mai ridicat atunci c\u00e2nd profesorul ales \u00ee\u021bi acord\u0103 \u00eentreaga sa aten\u021bie, \u00eentr-un mediu \u0219i spa\u021biu sigur \u0219i dac\u0103-\u021bi este mai u\u0219or s\u0103 \u00eenve\u021bi \u00eentr-un context individual, 1 la 1, aceste cursuri sunt cu siguran\u021b\u0103 pentru tine!","breadcrumb":{"@id":"https:\/\/www.beinglish.ro\/cursuri-1-la-1\/#breadcrumb"},"inLanguage":"en-GB","potentialAction":[{"@type":"ReadAction","target":["https:\/\/www.beinglish.ro\/cursuri-1-la-1\/"]}]},{"@type":"BreadcrumbList","@id":"https:\/\/www.beinglish.ro\/cursuri-1-la-1\/#breadcrumb","itemListElement":[{"@type":"ListItem","position":1,"name":"Prima pagin\u0103","item":"https:\/\/www.beinglish.ro\/"},{"@type":"ListItem","position":2,"name":"Cursuri 1 la 1"}]},{"@type":"WebSite","@id":"https:\/\/www.beinglish.ro\/#website","url":"https:\/\/www.beinglish.ro\/","name":"Beinglish","description":"Cursuri de englez\u0103 personalizate","publisher":{"@id":"https:\/\/www.beinglish.ro\/#organization"},"alternateName":"Beinglish","potentialAction":[{"@type":"SearchAction","target":{"@type":"EntryPoint","urlTemplate":"https:\/\/www.beinglish.ro\/?s={search_term_string}"},"query-input":{"@type":"PropertyValueSpecification","valueRequired":true,"valueName":"search_term_string"}}],"inLanguage":"en-GB"},{"@type":"Organization","@id":"https:\/\/www.beinglish.ro\/#organization","name":"Beinglish","url":"https:\/\/www.beinglish.ro\/","logo":{"@type":"ImageObject","inLanguage":"en-GB","@id":"https:\/\/www.beinglish.ro\/#\/schema\/logo\/image\/","url":"https:\/\/www.beinglish.ro\/wp-content\/uploads\/2024\/06\/beinglish-logo.png","contentUrl":"https:\/\/www.beinglish.ro\/wp-content\/uploads\/2024\/06\/beinglish-logo.png","width":316,"height":84,"caption":"Beinglish"},"image":{"@id":"https:\/\/www.beinglish.ro\/#\/schema\/logo\/image\/"}}]}},"_links":{"self":[{"href":"http:\/\/www.beinglish.ro\/en\/wp-json\/wp\/v2\/pages\/10973","targetHints":{"allow":["GET"]}}],"collection":[{"href":"http:\/\/www.beinglish.ro\/en\/wp-json\/wp\/v2\/pages"}],"about":[{"href":"http:\/\/www.beinglish.ro\/en\/wp-json\/wp\/v2\/types\/page"}],"author":[{"embeddable":true,"href":"http:\/\/www.beinglish.ro\/en\/wp-json\/wp\/v2\/users\/1"}],"replies":[{"embeddable":true,"href":"http:\/\/www.beinglish.ro\/en\/wp-json\/wp\/v2\/comments?post=10973"}],"version-history":[{"count":10,"href":"http:\/\/www.beinglish.ro\/en\/wp-json\/wp\/v2\/pages\/10973\/revisions"}],"predecessor-version":[{"id":12144,"href":"http:\/\/www.beinglish.ro\/en\/wp-json\/wp\/v2\/pages\/10973\/revisions\/12144"}],"wp:attachment":[{"href":"http:\/\/www.beinglish.ro\/en\/wp-json\/wp\/v2\/media?parent=10973"}],"curies":[{"name":"wp","href":"https:\/\/api.w.org\/{rel}","templated":true}]}}