{"id":9045,"date":"2024-04-19T12:23:00","date_gmt":"2024-04-19T12:23:00","guid":{"rendered":"https:\/\/www.beinglish.ro\/?page_id=9045"},"modified":"2024-10-09T16:37:56","modified_gmt":"2024-10-09T16:37:56","slug":"cursuri-eng-individuale","status":"publish","type":"page","link":"https:\/\/www.beinglish.ro\/en\/cursuri-eng-individuale\/","title":{"rendered":"Cursuri englez\u0103 individuale"},"content":{"rendered":"<div data-elementor-type=\"wp-page\" data-elementor-id=\"9045\" class=\"elementor elementor-9045\">\n\t\t\t\t\t\t<section class=\"elementor-section elementor-top-section elementor-element elementor-element-b7346da elementor-reverse-tablet elementor-reverse-mobile elementor-section-boxed elementor-section-gap-beside-yes elementor-section-height-default elementor-section-height-default elementor-section-content-align-center elementor-section-column-vertical-align-stretch\" data-id=\"b7346da\" data-element_type=\"section\">\n\t\t\t\t\t\t<div class=\"elementor-container elementor-column-gap-default\">\n\t\t\t\t\t<div class=\"elementor-column elementor-col-100 elementor-top-column elementor-element elementor-element-012e7e3\" data-id=\"012e7e3\" data-element_type=\"column\">\n\t\t\t<div class=\"elementor-widget-wrap elementor-element-populated\">\n\t\t\t\t\t\t<div class=\"elementor-element elementor-element-a9a68e8 elementor-widget elementor-widget-tm-heading\" data-id=\"a9a68e8\" data-element_type=\"widget\" data-settings=\"{&quot;_animation&quot;:&quot;none&quot;}\" data-widget_type=\"tm-heading.default\">\n\t\t\t\t<div class=\"elementor-widget-container\">\n\t\t\t\t\t<div class=\"tm-modern-heading\">\n\t\t\t\n\t\t\t\t\t<div class=\"heading-primary-wrap\">\n\t\t\t<h2 class=\"heading-primary elementor-heading-title\">Cursuri  <span style=\"font-weight: 600; color: #008080;\"> individuale <\/span><\/h2>\t\t<\/div>\n\t\t\n\t\t\t\n\t\t\t\t\t<\/div>\n\t\t\t\t<\/div>\n\t\t\t\t<\/div>\n\t\t\t\t\t<\/div>\n\t\t<\/div>\n\t\t\t\t\t<\/div>\n\t\t<\/section>\n\t\t<div class=\"elementor-element elementor-element-59feb60 e-flex e-con-boxed e-con e-parent\" data-id=\"59feb60\" data-element_type=\"container\">\n\t\t\t\t\t<div class=\"e-con-inner\">\n\t\t<div class=\"elementor-element elementor-element-cd70d40 e-con-full e-flex e-con e-child\" data-id=\"cd70d40\" data-element_type=\"container\">\n\t\t\t\t<div class=\"elementor-element elementor-element-797f2f1 elementor-widget elementor-widget-image\" data-id=\"797f2f1\" data-element_type=\"widget\" data-widget_type=\"image.default\">\n\t\t\t\t<div class=\"elementor-widget-container\">\n\t\t\t\t\t\t\t\t\t\t\t\t\t<img loading=\"lazy\" decoding=\"async\" width=\"640\" height=\"427\" src=\"https:\/\/www.beinglish.ro\/wp-content\/uploads\/2024\/04\/shutterstock_1854623104-2.jpg\" class=\"attachment-large size-large wp-image-9054\" alt=\"\" srcset=\"https:\/\/www.beinglish.ro\/wp-content\/uploads\/2024\/04\/shutterstock_1854623104-2.jpg 1000w, https:\/\/www.beinglish.ro\/wp-content\/uploads\/2024\/04\/shutterstock_1854623104-2-300x200.jpg 300w, https:\/\/www.beinglish.ro\/wp-content\/uploads\/2024\/04\/shutterstock_1854623104-2-768x512.jpg 768w, https:\/\/www.beinglish.ro\/wp-content\/uploads\/2024\/04\/shutterstock_1854623104-2-600x400.jpg 600w\" sizes=\"auto, (max-width: 640px) 100vw, 640px\" \/>\t\t\t\t\t\t\t\t\t\t\t\t\t<\/div>\n\t\t\t\t<\/div>\n\t\t\t\t<\/div>\n\t\t<div class=\"elementor-element elementor-element-66867fe e-con-full e-flex e-con e-child\" data-id=\"66867fe\" data-element_type=\"container\">\n\t\t\t\t<div class=\"elementor-element elementor-element-d8fa5f6 elementor-widget elementor-widget-tm-heading\" data-id=\"d8fa5f6\" data-element_type=\"widget\" data-widget_type=\"tm-heading.default\">\n\t\t\t\t<div class=\"elementor-widget-container\">\n\t\t\t\t\t<div class=\"tm-modern-heading\">\n\t\t\t\n\t\t\t\t\t<div class=\"heading-primary-wrap\">\n\t\t\t<h2 class=\"heading-primary elementor-heading-title\">Cursuri  <span style=\"font-weight: 600; color: #008080;\"> 1 la 1 <\/span><\/h2>\t\t<\/div>\n\t\t\n\t\t\t\n\t\t\t\t\t<\/div>\n\t\t\t\t<\/div>\n\t\t\t\t<\/div>\n\t\t\t\t<div class=\"elementor-element elementor-element-8709af3 elementor-widget elementor-widget-text-editor\" data-id=\"8709af3\" data-element_type=\"widget\" data-widget_type=\"text-editor.default\">\n\t\t\t\t<div class=\"elementor-widget-container\">\n\t\t\t\t\t\t\t<p>Dac\u0103 nivelul t\u0103u de confort e unul sensibil mai ridicat atunci c\u00e2nd profesorul ales \u00ee\u021bi acord\u0103 \u00eentreaga sa aten\u021bie, \u00eentr-un mediu \u0219i spa\u021biu sigur \u0219i dac\u0103-\u021bi este mai u\u0219or s\u0103 \u00eenve\u021bi \u00eentr-un context individual, 1 la 1, aceste cursuri sunt cu siguran\u021b\u0103 pentru tine!<\/p>\t\t\t\t\t\t<\/div>\n\t\t\t\t<\/div>\n\t\t\t\t<div class=\"elementor-element elementor-element-e1753a2 elementor-align-left elementor-mobile-align-justify elementor-widget elementor-widget-button\" data-id=\"e1753a2\" data-element_type=\"widget\" data-widget_type=\"button.default\">\n\t\t\t\t<div class=\"elementor-widget-container\">\n\t\t\t\t\t\t\t<div class=\"elementor-button-wrapper\">\n\t\t\t\t\t<a class=\"elementor-button elementor-button-link elementor-size-sm\" href=\"https:\/\/www.beinglish.ro\/en\/cursuri-1-la-1\/\">\n\t\t\t\t\t\t<span class=\"elementor-button-content-wrapper\">\n\t\t\t\t\t\t\t\t\t<span class=\"elementor-button-text\">Vezi detalii<\/span>\n\t\t\t\t\t<\/span>\n\t\t\t\t\t<\/a>\n\t\t\t\t<\/div>\n\t\t\t\t\t\t<\/div>\n\t\t\t\t<\/div>\n\t\t\t\t<\/div>\n\t\t\t\t\t<\/div>\n\t\t\t\t<\/div>\n\t\t<div class=\"elementor-element elementor-element-10ada94 e-flex e-con-boxed e-con e-parent\" data-id=\"10ada94\" data-element_type=\"container\">\n\t\t\t\t\t<div class=\"e-con-inner\">\n\t\t<div class=\"elementor-element elementor-element-a7f83d6 e-con-full e-flex e-con e-child\" data-id=\"a7f83d6\" data-element_type=\"container\">\n\t\t\t\t<div class=\"elementor-element elementor-element-835843c elementor-widget elementor-widget-tm-heading\" data-id=\"835843c\" data-element_type=\"widget\" data-widget_type=\"tm-heading.default\">\n\t\t\t\t<div class=\"elementor-widget-container\">\n\t\t\t\t\t<div class=\"tm-modern-heading\">\n\t\t\t\n\t\t\t\t\t<div class=\"heading-primary-wrap\">\n\t\t\t<h2 class=\"heading-primary elementor-heading-title\">Cursuri  <span style=\"font-weight: 600; color: #008080;\"> de conversa\u021bie <\/span><\/h2>\t\t<\/div>\n\t\t\n\t\t\t\n\t\t\t\t\t<\/div>\n\t\t\t\t<\/div>\n\t\t\t\t<\/div>\n\t\t\t\t<div class=\"elementor-element elementor-element-3f81623 elementor-widget elementor-widget-text-editor\" data-id=\"3f81623\" data-element_type=\"widget\" data-widget_type=\"text-editor.default\">\n\t\t\t\t<div class=\"elementor-widget-container\">\n\t\t\t\t\t\t\t<p>Sim\u021bi c\u0103 st\u0103p\u00e2ne\u0219ti limba englez\u0103 la un nivel conversa\u021bional dar n-ai dob\u00e2ndit \u00eenc\u0103 \u00eencrederea de a-\u021bi exersa aceast\u0103 abilitate \u00een public? Alege cursul de conversa\u021bie \u0219i (re)c\u00e2\u0219tig\u0103 acea \u00eencredere \u00een tine. Meri\u021bi.<\/p>\t\t\t\t\t\t<\/div>\n\t\t\t\t<\/div>\n\t\t\t\t<div class=\"elementor-element elementor-element-1536cd5 elementor-align-left elementor-mobile-align-justify elementor-widget-mobile__width-inherit elementor-widget elementor-widget-button\" data-id=\"1536cd5\" data-element_type=\"widget\" data-widget_type=\"button.default\">\n\t\t\t\t<div class=\"elementor-widget-container\">\n\t\t\t\t\t\t\t<div class=\"elementor-button-wrapper\">\n\t\t\t\t\t<a class=\"elementor-button elementor-button-link elementor-size-sm\" href=\"https:\/\/www.beinglish.ro\/en\/cursuri-conversatie\/\">\n\t\t\t\t\t\t<span class=\"elementor-button-content-wrapper\">\n\t\t\t\t\t\t\t\t\t<span class=\"elementor-button-text\">Vezi detalii<\/span>\n\t\t\t\t\t<\/span>\n\t\t\t\t\t<\/a>\n\t\t\t\t<\/div>\n\t\t\t\t\t\t<\/div>\n\t\t\t\t<\/div>\n\t\t\t\t<\/div>\n\t\t<div class=\"elementor-element elementor-element-d6078b2 e-con-full e-flex e-con e-child\" data-id=\"d6078b2\" data-element_type=\"container\">\n\t\t\t\t<div class=\"elementor-element elementor-element-c713ba0 elementor-widget elementor-widget-image\" data-id=\"c713ba0\" data-element_type=\"widget\" data-widget_type=\"image.default\">\n\t\t\t\t<div class=\"elementor-widget-container\">\n\t\t\t\t\t\t\t\t\t\t\t\t\t<img loading=\"lazy\" decoding=\"async\" width=\"640\" height=\"427\" src=\"https:\/\/www.beinglish.ro\/wp-content\/uploads\/2020\/01\/shutterstock_2313381155-1024x683.jpg\" class=\"attachment-large size-large wp-image-8947\" alt=\"\" srcset=\"https:\/\/www.beinglish.ro\/wp-content\/uploads\/2020\/01\/shutterstock_2313381155-1024x683.jpg 1024w, https:\/\/www.beinglish.ro\/wp-content\/uploads\/2020\/01\/shutterstock_2313381155-300x200.jpg 300w, https:\/\/www.beinglish.ro\/wp-content\/uploads\/2020\/01\/shutterstock_2313381155-768x512.jpg 768w, https:\/\/www.beinglish.ro\/wp-content\/uploads\/2020\/01\/shutterstock_2313381155-1536x1024.jpg 1536w, https:\/\/www.beinglish.ro\/wp-content\/uploads\/2020\/01\/shutterstock_2313381155-2048x1365.jpg 2048w, https:\/\/www.beinglish.ro\/wp-content\/uploads\/2020\/01\/shutterstock_2313381155-600x400.jpg 600w\" sizes=\"auto, (max-width: 640px) 100vw, 640px\" \/>\t\t\t\t\t\t\t\t\t\t\t\t\t<\/div>\n\t\t\t\t<\/div>\n\t\t\t\t<\/div>\n\t\t\t\t\t<\/div>\n\t\t\t\t<\/div>\n\t\t<div class=\"elementor-element elementor-element-87c65d1 e-flex e-con-boxed e-con e-parent\" data-id=\"87c65d1\" data-element_type=\"container\">\n\t\t\t\t\t<div class=\"e-con-inner\">\n\t\t<div class=\"elementor-element elementor-element-1d7ef04 e-con-full e-flex e-con e-child\" data-id=\"1d7ef04\" data-element_type=\"container\">\n\t\t\t\t<div class=\"elementor-element elementor-element-cc1deaa elementor-widget elementor-widget-image\" data-id=\"cc1deaa\" data-element_type=\"widget\" data-widget_type=\"image.default\">\n\t\t\t\t<div class=\"elementor-widget-container\">\n\t\t\t\t\t\t\t\t\t\t\t\t\t<img loading=\"lazy\" decoding=\"async\" width=\"640\" height=\"427\" src=\"https:\/\/www.beinglish.ro\/wp-content\/uploads\/2020\/05\/shutterstock_2027364494-1024x683.jpg\" class=\"attachment-large size-large wp-image-8946\" alt=\"\" srcset=\"https:\/\/www.beinglish.ro\/wp-content\/uploads\/2020\/05\/shutterstock_2027364494-1024x683.jpg 1024w, https:\/\/www.beinglish.ro\/wp-content\/uploads\/2020\/05\/shutterstock_2027364494-300x200.jpg 300w, https:\/\/www.beinglish.ro\/wp-content\/uploads\/2020\/05\/shutterstock_2027364494-768x512.jpg 768w, https:\/\/www.beinglish.ro\/wp-content\/uploads\/2020\/05\/shutterstock_2027364494-1536x1024.jpg 1536w\" sizes=\"auto, (max-width: 640px) 100vw, 640px\" \/>\t\t\t\t\t\t\t\t\t\t\t\t\t<\/div>\n\t\t\t\t<\/div>\n\t\t\t\t<\/div>\n\t\t<div class=\"elementor-element elementor-element-6ea12f7 e-con-full e-flex e-con e-child\" data-id=\"6ea12f7\" data-element_type=\"container\">\n\t\t\t\t<div class=\"elementor-element elementor-element-2174430 elementor-widget elementor-widget-tm-heading\" data-id=\"2174430\" data-element_type=\"widget\" data-settings=\"{&quot;_animation&quot;:&quot;none&quot;}\" data-widget_type=\"tm-heading.default\">\n\t\t\t\t<div class=\"elementor-widget-container\">\n\t\t\t\t\t<div class=\"tm-modern-heading\">\n\t\t\t\n\t\t\t\t\t<div class=\"heading-primary-wrap\">\n\t\t\t<h2 class=\"heading-primary elementor-heading-title\">Cursuri  <span style=\"font-weight: 600; color: #008080;\"> preg\u0103tire  interviu  <\/span><\/h2>\t\t<\/div>\n\t\t\n\t\t\t\n\t\t\t\t\t<\/div>\n\t\t\t\t<\/div>\n\t\t\t\t<\/div>\n\t\t\t\t<div class=\"elementor-element elementor-element-ad7dafc elementor-widget elementor-widget-text-editor\" data-id=\"ad7dafc\" data-element_type=\"widget\" data-widget_type=\"text-editor.default\">\n\t\t\t\t<div class=\"elementor-widget-container\">\n\t\t\t\t\t\t\t<p>Te preg\u0103te\u0219ti pentru un interviu de angajare \u00een limba englez\u0103 \u0219i-ai vrea s\u0103 ai certitudinea c\u0103 ai la dispozi\u021bia ta toate uneltele necesare pentru a trece \u00een etapa urm\u0103toare \u0219i-a-\u021bi apropia \u0219ansa de a c\u00e2\u0219tiga jobul dorit? Cursul de preg\u0103tire pentru interviu \u00ee\u021bi vine \u00een ajutor!<\/p>\t\t\t\t\t\t<\/div>\n\t\t\t\t<\/div>\n\t\t\t\t<div class=\"elementor-element elementor-element-4836578 elementor-align-left elementor-mobile-align-justify elementor-widget elementor-widget-button\" data-id=\"4836578\" data-element_type=\"widget\" data-widget_type=\"button.default\">\n\t\t\t\t<div class=\"elementor-widget-container\">\n\t\t\t\t\t\t\t<div class=\"elementor-button-wrapper\">\n\t\t\t\t\t<a class=\"elementor-button elementor-button-link elementor-size-sm\" href=\"https:\/\/www.beinglish.ro\/en\/cursuri-interviu\/\">\n\t\t\t\t\t\t<span class=\"elementor-button-content-wrapper\">\n\t\t\t\t\t\t\t\t\t<span class=\"elementor-button-text\">Vezi detalii<\/span>\n\t\t\t\t\t<\/span>\n\t\t\t\t\t<\/a>\n\t\t\t\t<\/div>\n\t\t\t\t\t\t<\/div>\n\t\t\t\t<\/div>\n\t\t\t\t<\/div>\n\t\t\t\t\t<\/div>\n\t\t\t\t<\/div>\n\t\t\t\t<\/div>","protected":false},"excerpt":{"rendered":"<p>Cursuri individuale Cursuri 1 la 1 Dac\u0103 nivelul t\u0103u de confort e unul sensibil mai ridicat atunci c\u00e2nd profesorul ales \u00ee\u021bi acord\u0103 \u00eentreaga sa aten\u021bie, \u00eentr-un mediu \u0219i spa\u021biu sigur \u0219i dac\u0103-\u021bi este mai u\u0219or s\u0103 \u00eenve\u021bi \u00eentr-un context individual, 1 la 1, aceste cursuri sunt cu siguran\u021b\u0103 pentru tine! Vezi detalii Cursuri de conversa\u021bie Sim\u021bi c\u0103 st\u0103p\u00e2ne\u0219ti limba englez\u0103 la un nivel conversa\u021bional dar n-ai dob\u00e2ndit \u00eenc\u0103 \u00eencrederea de a-\u021bi exersa aceast\u0103 abilitate \u00een public? Alege cursul de conversa\u021bie \u0219i (re)c\u00e2\u0219tig\u0103 acea \u00eencredere \u00een tine. Meri\u021bi. Vezi detalii Cursuri preg\u0103tire interviu Te preg\u0103te\u0219ti pentru un interviu de angajare \u00een limba englez\u0103 \u0219i-ai vrea s\u0103 ai certitudinea c\u0103 ai la dispozi\u021bia ta toate uneltele necesare pentru a trece \u00een etapa urm\u0103toare \u0219i-a-\u021bi apropia \u0219ansa de a c\u00e2\u0219tiga jobul dorit? Cursul de preg\u0103tire pentru interviu \u00ee\u021bi vine \u00een ajutor! Vezi detalii<\/p>","protected":false},"author":1,"featured_media":0,"parent":0,"menu_order":0,"comment_status":"closed","ping_status":"closed","template":"","meta":{"footnotes":""},"class_list":["post-9045","page","type-page","status-publish","hentry","post-no-thumbnail"],"yoast_head":"<!-- This site is optimized with the Yoast SEO plugin v23.8 - https:\/\/yoast.com\/wordpress\/plugins\/seo\/ -->\n<title>Cursuri englez\u0103 individuale | Beinglish<\/title>\n<meta name=\"description\" content=\"Dac\u0103 nivelul t\u0103u de confort e unul sensibil mai ridicat atunci c\u00e2nd profesorul ales \u00ee\u021bi acord\u0103 \u00eentreaga sa aten\u021bie, \u00eentr-un mediu \u0219i spa\u021biu sigur \u0219i dac\u0103-\u021bi este mai u\u0219or s\u0103 \u00eenve\u021bi \u00eentr-un context individual\" \/>\n<meta name=\"robots\" content=\"index, follow, max-snippet:-1, max-image-preview:large, max-video-preview:-1\" \/>\n<link rel=\"canonical\" href=\"https:\/\/www.beinglish.ro\/en\/cursuri-eng-individuale\/\" \/>\n<meta property=\"og:locale\" content=\"en_GB\" \/>\n<meta property=\"og:type\" content=\"article\" \/>\n<meta property=\"og:title\" content=\"Cursuri englez\u0103 individuale | Beinglish\" \/>\n<meta property=\"og:description\" content=\"Dac\u0103 nivelul t\u0103u de confort e unul sensibil mai ridicat atunci c\u00e2nd profesorul ales \u00ee\u021bi acord\u0103 \u00eentreaga sa aten\u021bie, \u00eentr-un mediu \u0219i spa\u021biu sigur \u0219i dac\u0103-\u021bi este mai u\u0219or s\u0103 \u00eenve\u021bi \u00eentr-un context individual\" \/>\n<meta property=\"og:url\" content=\"https:\/\/www.beinglish.ro\/en\/cursuri-eng-individuale\/\" \/>\n<meta property=\"og:site_name\" content=\"Beinglish\" \/>\n<meta property=\"article:modified_time\" content=\"2024-10-09T16:37:56+00:00\" \/>\n<meta property=\"og:image\" content=\"https:\/\/www.beinglish.ro\/wp-content\/uploads\/2024\/04\/shutterstock_1854623104-2.jpg\" \/>\n\t<meta property=\"og:image:width\" content=\"1000\" \/>\n\t<meta property=\"og:image:height\" content=\"667\" \/>\n\t<meta property=\"og:image:type\" content=\"image\/jpeg\" \/>\n<meta name=\"twitter:card\" content=\"summary_large_image\" \/>\n<meta name=\"twitter:label1\" content=\"Estimated reading time\" \/>\n\t<meta name=\"twitter:data1\" content=\"2 minutes\" \/>\n<script type=\"application\/ld+json\" class=\"yoast-schema-graph\">{\"@context\":\"https:\/\/schema.org\",\"@graph\":[{\"@type\":\"WebPage\",\"@id\":\"https:\/\/www.beinglish.ro\/cursuri-eng-individuale\/\",\"url\":\"https:\/\/www.beinglish.ro\/cursuri-eng-individuale\/\",\"name\":\"Cursuri englez\u0103 individuale | Beinglish\",\"isPartOf\":{\"@id\":\"https:\/\/www.beinglish.ro\/#website\"},\"primaryImageOfPage\":{\"@id\":\"https:\/\/www.beinglish.ro\/cursuri-eng-individuale\/#primaryimage\"},\"image\":{\"@id\":\"https:\/\/www.beinglish.ro\/cursuri-eng-individuale\/#primaryimage\"},\"thumbnailUrl\":\"https:\/\/www.beinglish.ro\/wp-content\/uploads\/2024\/04\/shutterstock_1854623104-2.jpg\",\"datePublished\":\"2024-04-19T12:23:00+00:00\",\"dateModified\":\"2024-10-09T16:37:56+00:00\",\"description\":\"Dac\u0103 nivelul t\u0103u de confort e unul sensibil mai ridicat atunci c\u00e2nd profesorul ales \u00ee\u021bi acord\u0103 \u00eentreaga sa aten\u021bie, \u00eentr-un mediu \u0219i spa\u021biu sigur \u0219i dac\u0103-\u021bi este mai u\u0219or s\u0103 \u00eenve\u021bi \u00eentr-un context individual\",\"breadcrumb\":{\"@id\":\"https:\/\/www.beinglish.ro\/cursuri-eng-individuale\/#breadcrumb\"},\"inLanguage\":\"en-GB\",\"potentialAction\":[{\"@type\":\"ReadAction\",\"target\":[\"https:\/\/www.beinglish.ro\/cursuri-eng-individuale\/\"]}]},{\"@type\":\"ImageObject\",\"inLanguage\":\"en-GB\",\"@id\":\"https:\/\/www.beinglish.ro\/cursuri-eng-individuale\/#primaryimage\",\"url\":\"https:\/\/www.beinglish.ro\/wp-content\/uploads\/2024\/04\/shutterstock_1854623104-2.jpg\",\"contentUrl\":\"https:\/\/www.beinglish.ro\/wp-content\/uploads\/2024\/04\/shutterstock_1854623104-2.jpg\"},{\"@type\":\"BreadcrumbList\",\"@id\":\"https:\/\/www.beinglish.ro\/cursuri-eng-individuale\/#breadcrumb\",\"itemListElement\":[{\"@type\":\"ListItem\",\"position\":1,\"name\":\"Prima pagin\u0103\",\"item\":\"https:\/\/www.beinglish.ro\/\"},{\"@type\":\"ListItem\",\"position\":2,\"name\":\"Cursuri englez\u0103 individuale\"}]},{\"@type\":\"WebSite\",\"@id\":\"https:\/\/www.beinglish.ro\/#website\",\"url\":\"https:\/\/www.beinglish.ro\/\",\"name\":\"Beinglish\",\"description\":\"Cursuri de englez\u0103 personalizate\",\"publisher\":{\"@id\":\"https:\/\/www.beinglish.ro\/#organization\"},\"alternateName\":\"Beinglish\",\"potentialAction\":[{\"@type\":\"SearchAction\",\"target\":{\"@type\":\"EntryPoint\",\"urlTemplate\":\"https:\/\/www.beinglish.ro\/?s={search_term_string}\"},\"query-input\":{\"@type\":\"PropertyValueSpecification\",\"valueRequired\":true,\"valueName\":\"search_term_string\"}}],\"inLanguage\":\"en-GB\"},{\"@type\":\"Organization\",\"@id\":\"https:\/\/www.beinglish.ro\/#organization\",\"name\":\"Beinglish\",\"url\":\"https:\/\/www.beinglish.ro\/\",\"logo\":{\"@type\":\"ImageObject\",\"inLanguage\":\"en-GB\",\"@id\":\"https:\/\/www.beinglish.ro\/#\/schema\/logo\/image\/\",\"url\":\"https:\/\/www.beinglish.ro\/wp-content\/uploads\/2024\/06\/beinglish-logo.png\",\"contentUrl\":\"https:\/\/www.beinglish.ro\/wp-content\/uploads\/2024\/06\/beinglish-logo.png\",\"width\":316,\"height\":84,\"caption\":\"Beinglish\"},\"image\":{\"@id\":\"https:\/\/www.beinglish.ro\/#\/schema\/logo\/image\/\"}}]}<\/script>\n<!-- \/ Yoast SEO plugin. -->","yoast_head_json":{"title":"Cursuri englez\u0103 individuale | Beinglish","description":"Dac\u0103 nivelul t\u0103u de confort e unul sensibil mai ridicat atunci c\u00e2nd profesorul ales \u00ee\u021bi acord\u0103 \u00eentreaga sa aten\u021bie, \u00eentr-un mediu \u0219i spa\u021biu sigur \u0219i dac\u0103-\u021bi este mai u\u0219or s\u0103 \u00eenve\u021bi \u00eentr-un context individual","robots":{"index":"index","follow":"follow","max-snippet":"max-snippet:-1","max-image-preview":"max-image-preview:large","max-video-preview":"max-video-preview:-1"},"canonical":"https:\/\/www.beinglish.ro\/en\/cursuri-eng-individuale\/","og_locale":"en_GB","og_type":"article","og_title":"Cursuri englez\u0103 individuale | Beinglish","og_description":"Dac\u0103 nivelul t\u0103u de confort e unul sensibil mai ridicat atunci c\u00e2nd profesorul ales \u00ee\u021bi acord\u0103 \u00eentreaga sa aten\u021bie, \u00eentr-un mediu \u0219i spa\u021biu sigur \u0219i dac\u0103-\u021bi este mai u\u0219or s\u0103 \u00eenve\u021bi \u00eentr-un context individual","og_url":"https:\/\/www.beinglish.ro\/en\/cursuri-eng-individuale\/","og_site_name":"Beinglish","article_modified_time":"2024-10-09T16:37:56+00:00","og_image":[{"width":1000,"height":667,"url":"https:\/\/www.beinglish.ro\/wp-content\/uploads\/2024\/04\/shutterstock_1854623104-2.jpg","type":"image\/jpeg"}],"twitter_card":"summary_large_image","twitter_misc":{"Estimated reading time":"2 minutes"},"schema":{"@context":"https:\/\/schema.org","@graph":[{"@type":"WebPage","@id":"https:\/\/www.beinglish.ro\/cursuri-eng-individuale\/","url":"https:\/\/www.beinglish.ro\/cursuri-eng-individuale\/","name":"Cursuri englez\u0103 individuale | Beinglish","isPartOf":{"@id":"https:\/\/www.beinglish.ro\/#website"},"primaryImageOfPage":{"@id":"https:\/\/www.beinglish.ro\/cursuri-eng-individuale\/#primaryimage"},"image":{"@id":"https:\/\/www.beinglish.ro\/cursuri-eng-individuale\/#primaryimage"},"thumbnailUrl":"https:\/\/www.beinglish.ro\/wp-content\/uploads\/2024\/04\/shutterstock_1854623104-2.jpg","datePublished":"2024-04-19T12:23:00+00:00","dateModified":"2024-10-09T16:37:56+00:00","description":"Dac\u0103 nivelul t\u0103u de confort e unul sensibil mai ridicat atunci c\u00e2nd profesorul ales \u00ee\u021bi acord\u0103 \u00eentreaga sa aten\u021bie, \u00eentr-un mediu \u0219i spa\u021biu sigur \u0219i dac\u0103-\u021bi este mai u\u0219or s\u0103 \u00eenve\u021bi \u00eentr-un context individual","breadcrumb":{"@id":"https:\/\/www.beinglish.ro\/cursuri-eng-individuale\/#breadcrumb"},"inLanguage":"en-GB","potentialAction":[{"@type":"ReadAction","target":["https:\/\/www.beinglish.ro\/cursuri-eng-individuale\/"]}]},{"@type":"ImageObject","inLanguage":"en-GB","@id":"https:\/\/www.beinglish.ro\/cursuri-eng-individuale\/#primaryimage","url":"https:\/\/www.beinglish.ro\/wp-content\/uploads\/2024\/04\/shutterstock_1854623104-2.jpg","contentUrl":"https:\/\/www.beinglish.ro\/wp-content\/uploads\/2024\/04\/shutterstock_1854623104-2.jpg"},{"@type":"BreadcrumbList","@id":"https:\/\/www.beinglish.ro\/cursuri-eng-individuale\/#breadcrumb","itemListElement":[{"@type":"ListItem","position":1,"name":"Prima pagin\u0103","item":"https:\/\/www.beinglish.ro\/"},{"@type":"ListItem","position":2,"name":"Cursuri englez\u0103 individuale"}]},{"@type":"WebSite","@id":"https:\/\/www.beinglish.ro\/#website","url":"https:\/\/www.beinglish.ro\/","name":"Beinglish","description":"Cursuri de englez\u0103 personalizate","publisher":{"@id":"https:\/\/www.beinglish.ro\/#organization"},"alternateName":"Beinglish","potentialAction":[{"@type":"SearchAction","target":{"@type":"EntryPoint","urlTemplate":"https:\/\/www.beinglish.ro\/?s={search_term_string}"},"query-input":{"@type":"PropertyValueSpecification","valueRequired":true,"valueName":"search_term_string"}}],"inLanguage":"en-GB"},{"@type":"Organization","@id":"https:\/\/www.beinglish.ro\/#organization","name":"Beinglish","url":"https:\/\/www.beinglish.ro\/","logo":{"@type":"ImageObject","inLanguage":"en-GB","@id":"https:\/\/www.beinglish.ro\/#\/schema\/logo\/image\/","url":"https:\/\/www.beinglish.ro\/wp-content\/uploads\/2024\/06\/beinglish-logo.png","contentUrl":"https:\/\/www.beinglish.ro\/wp-content\/uploads\/2024\/06\/beinglish-logo.png","width":316,"height":84,"caption":"Beinglish"},"image":{"@id":"https:\/\/www.beinglish.ro\/#\/schema\/logo\/image\/"}}]}},"_links":{"self":[{"href":"https:\/\/www.beinglish.ro\/en\/wp-json\/wp\/v2\/pages\/9045","targetHints":{"allow":["GET"]}}],"collection":[{"href":"https:\/\/www.beinglish.ro\/en\/wp-json\/wp\/v2\/pages"}],"about":[{"href":"https:\/\/www.beinglish.ro\/en\/wp-json\/wp\/v2\/types\/page"}],"author":[{"embeddable":true,"href":"https:\/\/www.beinglish.ro\/en\/wp-json\/wp\/v2\/users\/1"}],"replies":[{"embeddable":true,"href":"https:\/\/www.beinglish.ro\/en\/wp-json\/wp\/v2\/comments?post=9045"}],"version-history":[{"count":0,"href":"https:\/\/www.beinglish.ro\/en\/wp-json\/wp\/v2\/pages\/9045\/revisions"}],"wp:attachment":[{"href":"https:\/\/www.beinglish.ro\/en\/wp-json\/wp\/v2\/media?parent=9045"}],"curies":[{"name":"wp","href":"https:\/\/api.w.org\/{rel}","templated":true}]}}